{"id":7697,"date":"2024-08-12T14:53:18","date_gmt":"2024-08-12T07:53:18","guid":{"rendered":"https:\/\/thinhcapital.vn\/tuyen-dung\/"},"modified":"2024-08-29T16:52:55","modified_gmt":"2024-08-29T09:52:55","slug":"recruitment","status":"publish","type":"page","link":"https:\/\/thinhcapital.vn\/en\/recruitment\/","title":{"rendered":"Recruitment"},"content":{"rendered":"\t\t<div data-elementor-type=\"wp-page\" data-elementor-id=\"7697\" class=\"elementor elementor-7697 elementor-6464\">\n\t\t\t\t<div class=\"elementor-element elementor-element-857c44f e-con-full e-flex e-con e-parent\" data-id=\"857c44f\" data-element_type=\"container\">\n\t\t\t\t<div class=\"elementor-element elementor-element-94221a3 elementor-widget__width-inherit elementor-widget elementor-widget-apus_element_elementor_template\" data-id=\"94221a3\" data-element_type=\"widget\" data-widget_type=\"apus_element_elementor_template.default\">\n\t\t\t\t<div class=\"elementor-widget-container\">\n\t\t\t<div data-elementor-type=\"section\" data-elementor-id=\"7688\" class=\"elementor elementor-7688 elementor-120\">\n\t\t\t\t<div class=\"elementor-element elementor-element-81c6bb6 e-flex e-con-boxed e-con e-parent\" data-id=\"81c6bb6\" data-element_type=\"container\">\n\t\t\t\t\t<div class=\"e-con-inner\">\n\t\t<div class=\"elementor-element elementor-element-eb32a76 e-con-full e-flex e-con e-child\" data-id=\"eb32a76\" data-element_type=\"container\">\n\t\t\t\t<div class=\"elementor-element elementor-element-fb1a4c2 elementor-widget elementor-widget-apus_element_page_title\" data-id=\"fb1a4c2\" data-element_type=\"widget\" data-widget_type=\"apus_element_page_title.default\">\n\t\t\t\t<div class=\"elementor-widget-container\">\n\t\t\t\t\t<div class=\"post-page-title \">\n\t\t\t<h2 class=\"bread-title justhome-size-default\">Page<\/h2>\t\t<\/div>\n\t\t\t\t<\/div>\n\t\t\t\t<\/div>\n\t\t\t\t<div class=\"elementor-element elementor-element-80d9bea elementor-widget elementor-widget-apus_element_breadcrumbs\" data-id=\"80d9bea\" data-element_type=\"widget\" data-widget_type=\"apus_element_breadcrumbs.default\">\n\t\t\t\t<div class=\"elementor-widget-container\">\n\t\t\t\t\t<div class=\"clearfix \">\n\t\t\t<div class=\"breadcrumbs-simple\"><ol class=\"breadcrumb\"><li><a href=\"https:\/\/thinhcapital.vn\/en\/\">Home<\/a>  <\/li> <li><span class=\"active\">Page<\/span><\/li><\/ol><\/div>\t\t<\/div>\n\t\t\t\t<\/div>\n\t\t\t\t<\/div>\n\t\t\t\t<\/div>\n\t\t\t\t\t<\/div>\n\t\t\t\t<\/div>\n\t\t<div class=\"elementor-element elementor-element-c3c4944 e-flex e-con-boxed e-con e-parent\" data-id=\"c3c4944\" data-element_type=\"container\">\n\t\t\t\t\t<div class=\"e-con-inner\">\n\t\t<div class=\"elementor-element elementor-element-decaced e-con-full e-flex e-con e-child\" data-id=\"decaced\" data-element_type=\"container\">\n\t\t\t\t<div class=\"elementor-element elementor-element-c2c16f5 elementor-widget elementor-widget-apus_element_blog_archive_posts\" data-id=\"c2c16f5\" data-element_type=\"widget\" data-settings=\"{&quot;columns&quot;:&quot;1&quot;,&quot;columns_tablet&quot;:&quot;1&quot;}\" data-widget_type=\"apus_element_blog_archive_posts.default\">\n\t\t\t\t<div class=\"elementor-widget-container\">\n\t\t\t\t\t<div class=\"blog-posts \">\n\t\t\t\t\t\t\t\t<div class=\"row\">\n\t\t\t\t\t\t\t\t\t        <div class=\"col-xl-12 col-md-12 col-12\">\n\t\t\t\t            <article class=\"post post-layout post-list-item post-7713 type-post status-publish format-standard hentry category-recruitment\">\n    <div class=\"d-flex\">\n                <div class=\"col-content flex-grow-1 d-flex\">\n            <div class=\"flex-column d-flex w-100 justify-content-center\">\n                <div class=\"top-detail-info d-md-flex flex-wrap align-items-center d-none\">\n                    <div class=\"list-categories\"><a href=\"https:\/\/thinhcapital.vn\/en\/category\/recruitment\/\" class=\"categories-name\">Recruitment<\/a><\/div>                    <div class=\"date\">\n                        21\/08\/2024                    <\/div>\n                <\/div>\n                                    <h4 class=\"entry-title\">\n                        <a href=\"https:\/\/thinhcapital.vn\/en\/head-of-business-development-department\/\">HEAD OF BUSINESS DEVELOPMENT DEPARTMENT<\/a>\n                    <\/h4>\n                                <div class=\"description d-md-block d-none\">Th\u1ecb tr\u01b0\u1eddng ho\u1ea1t \u0111\u1ed9ng: C\u00e1c d\u1ef1 \u00e1n c\u0103n h\u1ed9 cao c\u1ea5p \u0111\u00e3 s\u1eed d\u1ee5ng nh\u01b0 Vinhomes Grand Park, Masteri Lumiere, The River Th\u1ee7 Thi\u00eam, The 9 Stellar, Vinhomes Royal City, Vinhomes ...<\/div>\n                <div class=\"description d-md-none d-block\">Th\u1ecb tr\u01b0\u1eddng ho\u1ea1t \u0111\u1ed9ng: C\u00e1c d\u1ef1 \u00e1n ...<\/div>\n                <div class=\"readmore d-md-block d-none\">\n                <a href=\"https:\/\/thinhcapital.vn\/en\/head-of-business-development-department\/\" class=\"btn-readmore\">Read More<svg class=\"next\" xmlns=\"http:\/\/www.w3.org\/2000\/svg\" width=\"14\" height=\"12\" viewBox=\"0 0 14 12\" fill=\"none\">\n    <path d=\"M0.8125 5.43752H12.0341L7.73716 1.34477C7.51216 1.13045 7.50344 0.77439 7.71775 0.54939C7.93178 0.324671 8.28784 0.315671 8.51312 0.529984L13.4204 5.20436C13.6327 5.41698 13.75 5.69936 13.75 6.00002C13.75 6.30039 13.6327 6.58305 13.4105 6.80495L8.51284 11.4698C8.404 11.5735 8.2645 11.625 8.125 11.625C7.9765 11.625 7.828 11.5665 7.71747 11.4504C7.50316 11.2254 7.51188 10.8696 7.73688 10.6553L12.0518 6.56252H0.8125C0.502 6.56252 0.25 6.31052 0.25 6.00002C0.25 5.68952 0.502 5.43752 0.8125 5.43752Z\" fill=\"currentColor\"\/>\n    <\/svg>\n    <\/a><\/div>\n            <\/div>\n        <\/div>\n    <\/div>\n<\/article>\t\t\t\t        <\/div>\n\t\t\t\t    \t\t\t\t        <div class=\"col-xl-12 col-md-12 col-12\">\n\t\t\t\t            <article class=\"post post-layout post-list-item post-7714 type-post status-publish format-standard has-post-thumbnail hentry\">\n    <div class=\"d-flex\">\n                        <div class=\"top-image flex-shrink-0\">\n                    <figure class=\"entry-thumb\"><a class=\"post-thumbnail\" href=\"https:\/\/thinhcapital.vn\/en\/why-should-you-buy-sunshine-city-project-district-7\/\" aria-hidden=\"true\"><div class=\"image-wrapper\"><img fetchpriority=\"high\" decoding=\"async\" width=\"500\" height=\"500\" src=\"https:\/\/thinhcapital.vn\/wp-content\/uploads\/elementor\/thumbs\/can-ho-Zenity-Quan-1-4-qsvmhy4lbvnbpxriagxjesryvsdsz6md0p9ccb88lk.jpg\" class=\"attachment-500x500x1x1 size-500x500x1x1\" alt=\"\" \/><\/div><\/a><\/figure>                 <\/div>\n                        <div class=\"col-content flex-grow-1 d-flex\">\n            <div class=\"flex-column d-flex w-100 justify-content-center\">\n                <div class=\"top-detail-info d-md-flex flex-wrap align-items-center d-none\">\n                                        <div class=\"date\">\n                        19\/03\/2024                    <\/div>\n                <\/div>\n                                    <h4 class=\"entry-title\">\n                        <a href=\"https:\/\/thinhcapital.vn\/en\/why-should-you-buy-sunshine-city-project-district-7\/\">Why should you buy Sunshine City Project District 7<\/a>\n                    <\/h4>\n                                <div class=\"description d-md-block d-none\">T\u1ea1i sao n\u00ean mua D\u1ef1 \u00e1n Sunshine city Qu\u1eadn 7 T\u00f3m l\u1ea1i, Sunshine City Qu\u1eadn 7 l\u00e0 l\u1ef1a ch\u1ecdn ho\u00e0n h\u1ea3o cho nh\u1eefng ng\u01b0\u1eddi mu\u1ed1n s\u1edf h\u1eefu nh\u00e0 \u1edf ch\u1ea5t l\u01b0\u1ee3ng ...<\/div>\n                <div class=\"description d-md-none d-block\">T\u1ea1i sao n\u00ean mua D\u1ef1 \u00e1n Sunshine ...<\/div>\n                <div class=\"readmore d-md-block d-none\">\n                <a href=\"https:\/\/thinhcapital.vn\/en\/why-should-you-buy-sunshine-city-project-district-7\/\" class=\"btn-readmore\">Read More<svg class=\"next\" xmlns=\"http:\/\/www.w3.org\/2000\/svg\" width=\"14\" height=\"12\" viewBox=\"0 0 14 12\" fill=\"none\">\n    <path d=\"M0.8125 5.43752H12.0341L7.73716 1.34477C7.51216 1.13045 7.50344 0.77439 7.71775 0.54939C7.93178 0.324671 8.28784 0.315671 8.51312 0.529984L13.4204 5.20436C13.6327 5.41698 13.75 5.69936 13.75 6.00002C13.75 6.30039 13.6327 6.58305 13.4105 6.80495L8.51284 11.4698C8.404 11.5735 8.2645 11.625 8.125 11.625C7.9765 11.625 7.828 11.5665 7.71747 11.4504C7.50316 11.2254 7.51188 10.8696 7.73688 10.6553L12.0518 6.56252H0.8125C0.502 6.56252 0.25 6.31052 0.25 6.00002C0.25 5.68952 0.502 5.43752 0.8125 5.43752Z\" fill=\"currentColor\"\/>\n    <\/svg>\n    <\/a><\/div>\n            <\/div>\n        <\/div>\n    <\/div>\n<\/article>\t\t\t\t        <\/div>\n\t\t\t\t    \t\t\t\t        <div class=\"col-xl-12 col-md-12 col-12\">\n\t\t\t\t            <article class=\"post post-layout post-list-item post-7715 type-post status-publish format-standard has-post-thumbnail hentry\">\n    <div class=\"d-flex\">\n                        <div class=\"top-image flex-shrink-0\">\n                    <figure class=\"entry-thumb\"><a class=\"post-thumbnail\" href=\"https:\/\/thinhcapital.vn\/en\/06-reasons-to-invest-in-boutique-hotel-phu-quoc\/\" aria-hidden=\"true\"><div class=\"image-wrapper\"><img decoding=\"async\" width=\"500\" height=\"500\" src=\"https:\/\/thinhcapital.vn\/wp-content\/uploads\/elementor\/thumbs\/photo-1602217401979-6f7209f5289d-qsvml4swho0b2d4xoui0uzu7csol299m4gukw2i7ig.jpg\" class=\"attachment-500x500x1x1 size-500x500x1x1\" alt=\"\" \/><\/div><\/a><\/figure>                 <\/div>\n                        <div class=\"col-content flex-grow-1 d-flex\">\n            <div class=\"flex-column d-flex w-100 justify-content-center\">\n                <div class=\"top-detail-info d-md-flex flex-wrap align-items-center d-none\">\n                                        <div class=\"date\">\n                        19\/03\/2024                    <\/div>\n                <\/div>\n                                    <h4 class=\"entry-title\">\n                        <a href=\"https:\/\/thinhcapital.vn\/en\/06-reasons-to-invest-in-boutique-hotel-phu-quoc\/\">06 Reasons to invest in Boutique Hotel Phu Quoc<\/a>\n                    <\/h4>\n                                <div class=\"description d-md-block d-none\">Th\u1ecbnh holdings \u2013 \u0110\u1ea7u t\u01b0 b\u1ea5t \u0111\u1ed9ng s\u1ea3n T\u01b0 v\u1ea5n th\u1ecb tr\u01b0\u1eddng, t\u01b0 v\u1ea5n danh m\u1ee5c \u0111\u1ea7u t\u01b0,&nbsp; chia s\u1ebb&nbsp;th\u00f4ng tin &amp; c\u01a1 h\u1ed9i \u0111\u1ea7u t\u01b0 b\u1ea5t \u0111\u1ed9ng s\u1ea3n&nbsp;\u0111\u00e1ng gi\u00e1 t\u1edbi ...<\/div>\n                <div class=\"description d-md-none d-block\">Th\u1ecbnh holdings \u2013 \u0110\u1ea7u t\u01b0 b\u1ea5t \u0111\u1ed9ng ...<\/div>\n                <div class=\"readmore d-md-block d-none\">\n                <a href=\"https:\/\/thinhcapital.vn\/en\/06-reasons-to-invest-in-boutique-hotel-phu-quoc\/\" class=\"btn-readmore\">Read More<svg class=\"next\" xmlns=\"http:\/\/www.w3.org\/2000\/svg\" width=\"14\" height=\"12\" viewBox=\"0 0 14 12\" fill=\"none\">\n    <path d=\"M0.8125 5.43752H12.0341L7.73716 1.34477C7.51216 1.13045 7.50344 0.77439 7.71775 0.54939C7.93178 0.324671 8.28784 0.315671 8.51312 0.529984L13.4204 5.20436C13.6327 5.41698 13.75 5.69936 13.75 6.00002C13.75 6.30039 13.6327 6.58305 13.4105 6.80495L8.51284 11.4698C8.404 11.5735 8.2645 11.625 8.125 11.625C7.9765 11.625 7.828 11.5665 7.71747 11.4504C7.50316 11.2254 7.51188 10.8696 7.73688 10.6553L12.0518 6.56252H0.8125C0.502 6.56252 0.25 6.31052 0.25 6.00002C0.25 5.68952 0.502 5.43752 0.8125 5.43752Z\" fill=\"currentColor\"\/>\n    <\/svg>\n    <\/a><\/div>\n            <\/div>\n        <\/div>\n    <\/div>\n<\/article>\t\t\t\t        <\/div>\n\t\t\t\t    \t\t\t\t        <div class=\"col-xl-12 col-md-12 col-12\">\n\t\t\t\t            <article class=\"post post-layout post-list-item post-7716 type-post status-publish format-standard hentry category-investment-knowledge\">\n    <div class=\"d-flex\">\n                <div class=\"col-content flex-grow-1 d-flex\">\n            <div class=\"flex-column d-flex w-100 justify-content-center\">\n                <div class=\"top-detail-info d-md-flex flex-wrap align-items-center d-none\">\n                    <div class=\"list-categories\"><a href=\"https:\/\/thinhcapital.vn\/en\/category\/blog\/investment-knowledge\/\" class=\"categories-name\">Investment knowledge<\/a><\/div>                    <div class=\"date\">\n                        19\/03\/2024                    <\/div>\n                <\/div>\n                                    <h4 class=\"entry-title\">\n                        <a href=\"https:\/\/thinhcapital.vn\/en\/investment-experience\/\">INVESTMENT EXPERIENCE<\/a>\n                    <\/h4>\n                                <div class=\"description d-md-block d-none\">\u0110\u00e2y l\u00e0 b\u00e0i chia s\u1ebb v\u1ec1\u00a0kinh nghi\u1ec7m \u0111\u1ea7u t\u01b0 b\u1ea5t \u0111\u1ed9ng s\u1ea3n \u0111\u01b0\u1ee3c \u0111\u00fac r\u00fat t\u1eeb th\u1ef1c t\u1ebf trong nhi\u1ec1u n\u0103m t\u01b0 v\u1ea5n b\u1ea5t \u0111\u1ed9ng s\u1ea3n g\u1ed3m t\u01b0 v\u1ea5n mua b\u00e1n, ...<\/div>\n                <div class=\"description d-md-none d-block\">\u0110\u00e2y l\u00e0 b\u00e0i chia s\u1ebb v\u1ec1\u00a0kinh nghi\u1ec7m ...<\/div>\n                <div class=\"readmore d-md-block d-none\">\n                <a href=\"https:\/\/thinhcapital.vn\/en\/investment-experience\/\" class=\"btn-readmore\">Read More<svg class=\"next\" xmlns=\"http:\/\/www.w3.org\/2000\/svg\" width=\"14\" height=\"12\" viewBox=\"0 0 14 12\" fill=\"none\">\n    <path d=\"M0.8125 5.43752H12.0341L7.73716 1.34477C7.51216 1.13045 7.50344 0.77439 7.71775 0.54939C7.93178 0.324671 8.28784 0.315671 8.51312 0.529984L13.4204 5.20436C13.6327 5.41698 13.75 5.69936 13.75 6.00002C13.75 6.30039 13.6327 6.58305 13.4105 6.80495L8.51284 11.4698C8.404 11.5735 8.2645 11.625 8.125 11.625C7.9765 11.625 7.828 11.5665 7.71747 11.4504C7.50316 11.2254 7.51188 10.8696 7.73688 10.6553L12.0518 6.56252H0.8125C0.502 6.56252 0.25 6.31052 0.25 6.00002C0.25 5.68952 0.502 5.43752 0.8125 5.43752Z\" fill=\"currentColor\"\/>\n    <\/svg>\n    <\/a><\/div>\n            <\/div>\n        <\/div>\n    <\/div>\n<\/article>\t\t\t\t        <\/div>\n\t\t\t\t    \t\t\t\t        <div class=\"col-xl-12 col-md-12 col-12\">\n\t\t\t\t            <article class=\"post post-layout post-list-item post-7717 type-post status-publish format-standard hentry category-ban-tin-thinhcapital category-legal-advice\">\n    <div class=\"d-flex\">\n                <div class=\"col-content flex-grow-1 d-flex\">\n            <div class=\"flex-column d-flex w-100 justify-content-center\">\n                <div class=\"top-detail-info d-md-flex flex-wrap align-items-center d-none\">\n                    <div class=\"list-categories\"><a href=\"https:\/\/thinhcapital.vn\/category\/tin-tuc\/ban-tin-thinhcapital\/\" class=\"categories-name\">B\u1ea3n tin Thinhcapital<\/a><\/div>                    <div class=\"date\">\n                        19\/03\/2024                    <\/div>\n                <\/div>\n                                    <h4 class=\"entry-title\">\n                        <a href=\"https:\/\/thinhcapital.vn\/en\/professional-real-estate-broker-representative\/\">PROFESSIONAL REAL ESTATE BROKER REPRESENTATIVE<\/a>\n                    <\/h4>\n                                <div class=\"description d-md-block d-none\">\u0110\u00e3 \u0111\u1ebfn l\u00fac b\u1ea1n c\u1ea7n m\u1ed9t \u0111\u1ea1i di\u1ec7n m\u00f4i gi\u1edbi b\u1ea5t \u0111\u1ed9ng s\u1ea3n chuy\u00ean nghi\u1ec7p v\u00e0 kh\u00f4n ngoan trong t\u01b0 v\u1ea5n. Ng\u01b0\u1eddi gi\u00fap b\u1ea1n hi\u1ec3u th\u1ecb tr\u01b0\u1eddng, tham v\u1ea5n gi\u00fap b\u1ea1n ...<\/div>\n                <div class=\"description d-md-none d-block\">\u0110\u00e3 \u0111\u1ebfn l\u00fac b\u1ea1n c\u1ea7n m\u1ed9t \u0111\u1ea1i ...<\/div>\n                <div class=\"readmore d-md-block d-none\">\n                <a href=\"https:\/\/thinhcapital.vn\/en\/professional-real-estate-broker-representative\/\" class=\"btn-readmore\">Read More<svg class=\"next\" xmlns=\"http:\/\/www.w3.org\/2000\/svg\" width=\"14\" height=\"12\" viewBox=\"0 0 14 12\" fill=\"none\">\n    <path d=\"M0.8125 5.43752H12.0341L7.73716 1.34477C7.51216 1.13045 7.50344 0.77439 7.71775 0.54939C7.93178 0.324671 8.28784 0.315671 8.51312 0.529984L13.4204 5.20436C13.6327 5.41698 13.75 5.69936 13.75 6.00002C13.75 6.30039 13.6327 6.58305 13.4105 6.80495L8.51284 11.4698C8.404 11.5735 8.2645 11.625 8.125 11.625C7.9765 11.625 7.828 11.5665 7.71747 11.4504C7.50316 11.2254 7.51188 10.8696 7.73688 10.6553L12.0518 6.56252H0.8125C0.502 6.56252 0.25 6.31052 0.25 6.00002C0.25 5.68952 0.502 5.43752 0.8125 5.43752Z\" fill=\"currentColor\"\/>\n    <\/svg>\n    <\/a><\/div>\n            <\/div>\n        <\/div>\n    <\/div>\n<\/article>\t\t\t\t        <\/div>\n\t\t\t\t    \t\t\t\t        <div class=\"col-xl-12 col-md-12 col-12\">\n\t\t\t\t            <article class=\"post post-layout post-list-item post-7718 type-post status-publish format-standard hentry category-real-estate-news\">\n    <div class=\"d-flex\">\n                <div class=\"col-content flex-grow-1 d-flex\">\n            <div class=\"flex-column d-flex w-100 justify-content-center\">\n                <div class=\"top-detail-info d-md-flex flex-wrap align-items-center d-none\">\n                    <div class=\"list-categories\"><a href=\"https:\/\/thinhcapital.vn\/en\/category\/blog\/real-estate-news\/\" class=\"categories-name\">Real Estate News<\/a><\/div>                    <div class=\"date\">\n                        19\/03\/2024                    <\/div>\n                <\/div>\n                                    <h4 class=\"entry-title\">\n                        <a href=\"https:\/\/thinhcapital.vn\/en\/criteria-for-selection-of-brokerage-company\/\">CRITERIA FOR SELECTION OF BROKERAGE COMPANY<\/a>\n                    <\/h4>\n                                <div class=\"description d-md-block d-none\">L\u00e0m sao \u0111\u1ec3 l\u1ef1a ch\u1ecdn \u0111\u01b0\u1ee3c c\u00f4ng ty m\u00f4i gi\u1edbi b\u1ea5t \u0111\u1ed9ng s\u1ea3n c\u00f3\u00a0d\u1ecbch v\u1ee5 k\u00fd g\u1eedi nh\u00e0 \u0111\u1ea5t chuy\u00ean nghi\u00eap\u00a0v\u00e0 l\u00e0m vi\u1ec7c hi\u1ec7u qu\u1ea3 l\u00e0 c\u00e2u h\u1ecfi chung c\u1ee7a nhi\u1ec1u ...<\/div>\n                <div class=\"description d-md-none d-block\">L\u00e0m sao \u0111\u1ec3 l\u1ef1a ch\u1ecdn \u0111\u01b0\u1ee3c c\u00f4ng ...<\/div>\n                <div class=\"readmore d-md-block d-none\">\n                <a href=\"https:\/\/thinhcapital.vn\/en\/criteria-for-selection-of-brokerage-company\/\" class=\"btn-readmore\">Read More<svg class=\"next\" xmlns=\"http:\/\/www.w3.org\/2000\/svg\" width=\"14\" height=\"12\" viewBox=\"0 0 14 12\" fill=\"none\">\n    <path d=\"M0.8125 5.43752H12.0341L7.73716 1.34477C7.51216 1.13045 7.50344 0.77439 7.71775 0.54939C7.93178 0.324671 8.28784 0.315671 8.51312 0.529984L13.4204 5.20436C13.6327 5.41698 13.75 5.69936 13.75 6.00002C13.75 6.30039 13.6327 6.58305 13.4105 6.80495L8.51284 11.4698C8.404 11.5735 8.2645 11.625 8.125 11.625C7.9765 11.625 7.828 11.5665 7.71747 11.4504C7.50316 11.2254 7.51188 10.8696 7.73688 10.6553L12.0518 6.56252H0.8125C0.502 6.56252 0.25 6.31052 0.25 6.00002C0.25 5.68952 0.502 5.43752 0.8125 5.43752Z\" fill=\"currentColor\"\/>\n    <\/svg>\n    <\/a><\/div>\n            <\/div>\n        <\/div>\n    <\/div>\n<\/article>\t\t\t\t        <\/div>\n\t\t\t\t    \t\t\t\t\t<\/div>\n\t\t\t\t\t\t\t<\/div>\n\t\t\t\t<\/div>\n\t\t\t\t<\/div>\n\t\t\t\t<div class=\"elementor-element elementor-element-9322475 elementor-widget elementor-widget-apus_element_blog_archive_pagination\" data-id=\"9322475\" data-element_type=\"widget\" data-widget_type=\"apus_element_blog_archive_pagination.default\">\n\t\t\t\t<div class=\"elementor-widget-container\">\n\t\t\t\t\t<div class=\"blog-posts \">\n\t\t\t    <nav class=\"navigation paging-navigation\" role=\"navigation\">\r\n    \t<div class=\"apus-pagination\">\r\n\t    \t        <\/div>\r\n    <\/nav>\r\n\t\t<\/div>\n\t\t\t\t<\/div>\n\t\t\t\t<\/div>\n\t\t\t\t<\/div>\n\t\t<div class=\"elementor-element elementor-element-9ca8ca2 e-con-full e-flex e-con e-child\" data-id=\"9ca8ca2\" data-element_type=\"container\">\n\t\t\t\t<div class=\"elementor-element elementor-element-3b8887b elementor-widget elementor-widget-sidebar\" data-id=\"3b8887b\" data-element_type=\"widget\" data-widget_type=\"sidebar.default\">\n\t\t\t\t<div class=\"elementor-widget-container\">\n\t\t\t<aside class=\"widget widget_apus_search\"><h2 class=\"widget-title\"><span>Search<\/span><\/h2><div class=\"widget-search\">\n    <form action=\"https:\/\/thinhcapital.vn\/en\/\" method=\"get\">\n\t  \t<div class=\"input-group\">\n\t  \t\t<input type=\"text\" placeholder=\"Search...\" name=\"s\" class=\"apus-search form-control\"\/>\n\t\t\t<button type=\"submit\" class=\"btn btn-search\"><i class=\"flaticon-magnifiying-glass\"><\/i><\/button>\n\t  \t<\/div>\n\t\t\t\t\t<input type=\"hidden\" name=\"post_type\" value=\"post\" class=\"post_type\" \/>\n\t\t\t<\/form>\n<\/div>\n<\/aside><aside class=\"widget widget_block\">\r\n<div class=\"wp-block-group\"><div class=\"wp-block-group__inner-container is-layout-constrained wp-block-group-is-layout-constrained\">&#13;\n<h2 class=\"wp-block-heading\">Categories<\/h2>&#13;\n\r\n\r\n<ul class=\"wp-block-categories-list wp-block-categories\">\t<li class=\"cat-item cat-item-494\"><a href=\"https:\/\/thinhcapital.vn\/en\/category\/blog\/\">Blog<\/a>\n<\/li>\n\t<li class=\"cat-item cat-item-461\"><a href=\"https:\/\/thinhcapital.vn\/en\/category\/blog\/investment-knowledge\/\">Investment knowledge<\/a>\n<\/li>\n\t<li class=\"cat-item cat-item-467\"><a href=\"https:\/\/thinhcapital.vn\/en\/category\/blog\/legal-advice\/\">Legal advice<\/a>\n<\/li>\n\t<li class=\"cat-item cat-item-462\"><a href=\"https:\/\/thinhcapital.vn\/en\/category\/blog\/real-estate-news\/\">Real Estate News<\/a>\n<\/li>\n\t<li class=\"cat-item cat-item-466\"><a href=\"https:\/\/thinhcapital.vn\/en\/category\/blog\/real-estate-of-service\/\">Real estate of service<\/a>\n<\/li>\n\t<li class=\"cat-item cat-item-460\"><a href=\"https:\/\/thinhcapital.vn\/en\/category\/recruitment\/\">Recruitment<\/a>\n<\/li>\n\t<li class=\"cat-item cat-item-112\"><a href=\"https:\/\/thinhcapital.vn\/en\/category\/uncategorized-en\/\">Uncategorized<\/a>\n<\/li>\n<\/ul><\/div><\/div>\r\n<\/aside><aside class=\"widget widget_block\">\r\n<div class=\"wp-block-group\"><div class=\"wp-block-group__inner-container is-layout-constrained wp-block-group-is-layout-constrained\">&#13;\n<h2 class=\"wp-block-heading\">Popular Tags<\/h2>&#13;\n\r\n\r\n<p class=\"wp-block-tag-cloud\"><a href=\"https:\/\/thinhcapital.vn\/en\/tag\/business-en\/\" class=\"tag-cloud-link tag-link-465 tag-link-position-1\" style=\"font-size: 8pt;\" aria-label=\"Business (1 item)\">Business<\/a>\n<a href=\"https:\/\/thinhcapital.vn\/en\/tag\/luxury-en\/\" class=\"tag-cloud-link tag-link-463 tag-link-position-2\" style=\"font-size: 22pt;\" aria-label=\"Luxury (2 items)\">Luxury<\/a>\n<a href=\"https:\/\/thinhcapital.vn\/en\/tag\/real-estate-en\/\" class=\"tag-cloud-link tag-link-464 tag-link-position-3\" style=\"font-size: 8pt;\" aria-label=\"Real Estate (1 item)\">Real Estate<\/a><\/p><\/div><\/div>\r\n<\/aside>\t\t<\/div>\n\t\t\t\t<\/div>\n\t\t\t\t<\/div>\n\t\t\t\t\t<\/div>\n\t\t\t\t<\/div>\n\t\t\t\t<\/div>\t\t<\/div>\n\t\t\t\t<\/div>\n\t\t\t\t<\/div>\n\t\t\t\t<\/div>\n\t\t","protected":false},"excerpt":{"rendered":"<p>Page Home Page Apartment March 19, 2024 Housing Markets That Changed the Most This Week Quisque This Is A Link Nibh Facilisis At Malesuada Sit arcu odio aenean vitae eu egestas. Gravida commodo non sem diam faucibus justo dolor. &#8230; Quisque This Is A Link Nibh Facilisis At Malesuada Sit arcu odio aenean vitae &#8230; [&hellip;]<\/p>\n","protected":false},"author":1,"featured_media":0,"parent":0,"menu_order":0,"comment_status":"closed","ping_status":"closed","template":"","meta":{"footnotes":""},"class_list":["post-7697","page","type-page","status-publish","hentry"],"acf":[],"_links":{"self":[{"href":"https:\/\/thinhcapital.vn\/en\/wp-json\/wp\/v2\/pages\/7697"}],"collection":[{"href":"https:\/\/thinhcapital.vn\/en\/wp-json\/wp\/v2\/pages"}],"about":[{"href":"https:\/\/thinhcapital.vn\/en\/wp-json\/wp\/v2\/types\/page"}],"author":[{"embeddable":true,"href":"https:\/\/thinhcapital.vn\/en\/wp-json\/wp\/v2\/users\/1"}],"replies":[{"embeddable":true,"href":"https:\/\/thinhcapital.vn\/en\/wp-json\/wp\/v2\/comments?post=7697"}],"version-history":[{"count":1,"href":"https:\/\/thinhcapital.vn\/en\/wp-json\/wp\/v2\/pages\/7697\/revisions"}],"predecessor-version":[{"id":7706,"href":"https:\/\/thinhcapital.vn\/en\/wp-json\/wp\/v2\/pages\/7697\/revisions\/7706"}],"wp:attachment":[{"href":"https:\/\/thinhcapital.vn\/en\/wp-json\/wp\/v2\/media?parent=7697"}],"curies":[{"name":"wp","href":"https:\/\/api.w.org\/{rel}","templated":true}]}}