{"id":7698,"date":"2024-08-08T08:15:38","date_gmt":"2024-08-08T01:15:38","guid":{"rendered":"https:\/\/thinhcapital.vn\/dieu-khoan-dich-vu\/"},"modified":"2024-08-29T16:51:18","modified_gmt":"2024-08-29T09:51:18","slug":"terms-of-service","status":"publish","type":"page","link":"https:\/\/thinhcapital.vn\/en\/terms-of-service\/","title":{"rendered":"Terms of service"},"content":{"rendered":"\t\t<div data-elementor-type=\"wp-page\" data-elementor-id=\"7698\" class=\"elementor elementor-7698 elementor-3\">\n\t\t\t\t<div class=\"elementor-element elementor-element-1e579722 e-flex e-con-boxed e-con e-parent\" data-id=\"1e579722\" data-element_type=\"container\">\n\t\t\t\t\t<div class=\"e-con-inner\">\n\t\t\t\t<div class=\"elementor-element elementor-element-5c3a1e20 elementor-widget elementor-widget-text-editor\" data-id=\"5c3a1e20\" data-element_type=\"widget\" data-widget_type=\"text-editor.default\">\n\t\t\t\t<div class=\"elementor-widget-container\">\n\t\t\t<style>\/*! elementor - v3.23.0 - 05-08-2024 *\/\n.elementor-widget-text-editor.elementor-drop-cap-view-stacked .elementor-drop-cap{background-color:#69727d;color:#fff}.elementor-widget-text-editor.elementor-drop-cap-view-framed .elementor-drop-cap{color:#69727d;border:3px solid;background-color:transparent}.elementor-widget-text-editor:not(.elementor-drop-cap-view-default) .elementor-drop-cap{margin-top:8px}.elementor-widget-text-editor:not(.elementor-drop-cap-view-default) .elementor-drop-cap-letter{width:1em;height:1em}.elementor-widget-text-editor .elementor-drop-cap{float:left;text-align:center;line-height:1;font-size:50px}.elementor-widget-text-editor .elementor-drop-cap-letter{display:inline-block}<\/style>\t\t\t\t<!-- wp:heading -->\n<div class=\"vc_row wpb_row vc_row-fluid\">\n<div class=\"wpb_column vc_column_container vc_col-sm-12\">\n<div class=\"vc_column-inner\">\n<div class=\"wpb_wrapper\">\n<h2 class=\"vc_custom_heading vc_custom_1619229292605\">1 \u2013 \u0110I\u1ec0U KHO\u1ea2N CHUNG<\/h2>\n<div class=\"wpb_text_column wpb_content_element \">\n<div class=\"wpb_wrapper\">\n<p>\u0110\u00e2y l\u00e0 website cung c\u1ea5p d\u1ecbch v\u1ee5 m\u00f4i gi\u1edbi b\u1ea5t \u0111\u1ed9ng s\u1ea3n v\u00e0 t\u01b0 v\u1ea5n \u0111\u1ea7u t\u01b0 b\u1ea5t \u0111\u1ed9ng s\u1ea3n t\u1ea1i th\u1ecb tr\u01b0\u1eddng Vi\u1ec7t Nam. Ch\u00fang t\u00f4i ho\u1ea1t \u0111\u1ed9ng theo qui \u0111\u1ecbnh c\u1ee7a ph\u00e1p lu\u1eadt Vi\u1ec7t Nam v\u1ec1 ho\u1ea1t \u0111\u1ed9ng kinh doanh, cung c\u1ea5p d\u1ecbch v\u1ee5 b\u1ea5t \u0111\u1ed9ng s\u1ea3n t\u1ea1i th\u1ecb tr\u01b0\u1eddng Vi\u1ec7t Nam.<\/p>\n<p>D\u1ecbch v\u1ee5 ch\u00fang t\u00f4i cung c\u1ea5p t\u1edbi kh\u00e1ch h\u00e0ng \u0111\u01b0\u1ee3c thi\u1ebft k\u1ebf \u0111\u1ec3 ph\u00f9 h\u1ee3p v\u1edbi th\u1ef1c t\u1ebf ho\u1ea1t \u0111\u1ed9ng tr\u00ean th\u1ecb tr\u01b0\u1eddng. C\u00e1ch th\u1ee9c cung c\u1ea5p d\u1ecbch v\u1ee5 c\u00f3 th\u1ec3 \u0111\u01b0\u1ee3c thay \u0111\u1ed5i theo th\u1eddi gian nh\u1eb1m \u0111\u1ea3m b\u1ea3o ph\u00f9 h\u1ee3p v\u1edbi th\u1ef1c t\u1ebf kinh doanh c\u1ee7a doanh nghi\u1ec7p m\u00e0 kh\u00f4ng c\u1ea7n \u0111\u01b0\u1ee3c th\u00f4ng b\u00e1o tr\u01b0\u1edbc.<\/p>\n<p>Th\u00f4ng tin tr\u00ean website g\u1ed3m n\u1ed9i dung, h\u00ecnh \u1ea3nh, gi\u00e1 ni\u00eam y\u1ebft ch\u1ec9 c\u00f3 t\u00ednh ch\u1ea5t t\u01b0\u01a1ng \u0111\u1ed1i. Ch\u00fang t\u00f4i c\u00f3 to\u00e0n quy\u1ec1n \u0111i\u1ec1u ch\u1ec9nh nh\u1eefng th\u00f4ng tin n\u00e0y m\u00e0 kh\u00f4ng c\u1ea7n th\u00f4ng b\u00e1o \u0111\u1ec3 ph\u00f9 h\u1ee3p v\u1edbi th\u1ef1c t\u1ebf th\u1ecb tr\u01b0\u1eddng. Kh\u00e1ch h\u00e0ng khi t\u00ecm mua b\u1ea5t \u0111\u1ed9ng s\u1ea3n ni\u00eam y\u1ebft tr\u00ean website c\u1ea7n li\u00ean h\u1ec7 tr\u1ef1c ti\u1ebfp \u0111\u1ec3 x\u00e1c nh\u1eadn t\u00ecnh tr\u1ea1ng b\u1ea5t \u0111\u1ed9ng s\u1ea3n \u0111\u00f3 tr\u01b0\u1edbc khi giao d\u1ecbch. V\u1edbi \u0111\u1eb7c th\u00f9 v\u1ec1 d\u1ecbch v\u1ee5 t\u01b0 v\u1ea5n v\u00e0 m\u00f4i gi\u1edbi b\u1ea5t \u0111\u1ed9ng s\u1ea3n n\u00ean d\u1ecbch v\u1ee5 ch\u00fang t\u00f4i cung c\u1ea5p kh\u00f4ng c\u00f3 ch\u1ee9c n\u0103ng thanh to\u00e1n online v\u00e0 giao h\u00e0ng, c\u0169ng nh\u01b0 kh\u00f4ng c\u00f3 ch\u00ednh s\u00e1ch b\u1ea3o h\u00e0nh, ho\u00e0n tr\u1ea3 nh\u01b0 nh\u1eefng s\u1ea3n ph\u1ea9m ti\u00eau d\u00f9ng kh\u00e1c.<\/p>\n<\/div>\n<\/div>\n<\/div>\n<\/div>\n<\/div>\n<\/div>\n<div class=\"vc_row wpb_row vc_row-fluid\">\n<div class=\"wpb_column vc_column_container vc_col-sm-12\">\n<div class=\"vc_column-inner\">\n<div class=\"wpb_wrapper\">\n<h2 class=\"vc_custom_heading vc_custom_1619229322284\">2 \u2013 D\u1ecaCH V\u1ee4 CUNG C\u1ea4P<\/h2>\n<div class=\"wpb_text_column wpb_content_element \">\n<div class=\"wpb_wrapper\">\n<p>C\u00f4ng ty \u0110T v\u00e0 Ph\u00e1t tri\u1ec3n B\u0110S Th\u1ecbnh Capital hi\u1ec7n cung c\u1ea5p hai d\u1ecbch v\u1ee5 ch\u00ednh l\u00e0: D\u1ecbch v\u1ee5 t\u01b0 v\u1ea5n b\u00e1n b\u1ea5t \u0111\u1ed9ng s\u1ea3n v\u00e0 D\u1ecbch v\u1ee5 t\u01b0 v\u1ea5n mua b\u1ea5t \u0111\u1ed9ng s\u1ea3n. Quy tr\u00ecnh cung c\u1ea5p d\u1ecbch v\u1ee5 \u0111\u01b0\u1ee3c \u00e1p d\u1ee5ng nh\u01b0 sau:<\/p>\n<p><b>2.1- D\u1ecbch v\u1ee5 t\u01b0 v\u1ea5n b\u00e1n b\u1ea5t \u0111\u1ed9ng s\u1ea3n<\/b><\/p>\n<p>Kh\u00e1ch h\u00e0ng (ch\u1ee7 nh\u00e0) khi c\u00f3 nhu c\u1ea7u s\u1eed d\u1ee5ng d\u1ecbch v\u1ee5 t\u01b0 v\u1ea5n b\u00e1n b\u1ea5t \u0111\u1ed9ng s\u1ea3n c\u1ee7a doanh nghi\u1ec7p. Ch\u00fang t\u00f4i s\u1ebd th\u1ef1c hi\u1ec7n quy tr\u00ecnh nh\u01b0 sau:<\/p>\n<p><b>B\u01b0\u1edbc 1:<\/b>\u00a0Kh\u1ea3o s\u00e1t th\u1ef1c t\u1ebf<\/p>\n<ul>\n<li>Kh\u1ea3o s\u00e1t v\u1ecb tr\u00ed v\u00e0 khu v\u1ef1c.<\/li>\n<li>\u0110\u00e1nh gi\u00e1 v\u1ecb tr\u00ed, ki\u1ebfn tr\u00fac, n\u1ed9i th\u1ea5t v\u00e0 trang thi\u1ebft b\u1ecb \u0111i k\u00e8m (n\u1ebfu c\u00f3).<\/li>\n<\/ul>\n<p><b>B\u01b0\u1edbc 2:<\/b>\u00a0T\u01b0 v\u1ea5n ch\u1ee7 nh\u00e0<\/p>\n<ul>\n<li>T\u01b0 v\u1ea5n th\u1ecb tr\u01b0\u1eddng chung.<\/li>\n<li>T\u01b0 v\u1ea5n v\u1ec1 c\u1ea3i t\u1ea1o, s\u1eeda ch\u1eefa b\u1ea5t \u0111\u1ed9ng s\u1ea3n (n\u1ebfu c\u1ea7n).<\/li>\n<li>T\u01b0 v\u1ea5n v\u1ec1 d\u1ecbch v\u1ee5 v\u00e0 c\u00e1ch th\u1ee9c b\u00e1n b\u1ea5t \u0111\u1ed9ng s\u1ea3n.<\/li>\n<\/ul>\n<p><b>B\u01b0\u1edbc 3:<\/b>\u00a0K\u00fd h\u1ee3p \u0111\u1ed3ng d\u1ecbch v\u1ee5 (kh\u00f4ng b\u1eaft bu\u1ed9c)<\/p>\n<ul>\n<li>K\u00fd h\u1ee3p \u0111\u1ed3ng m\u00f4i gi\u1edbi b\u00e1n b\u1ea5t \u0111\u1ed9ng s\u1ea3n.<\/li>\n<\/ul>\n<p><b>B\u01b0\u1edbc 4:<\/b>\u00a0Tri\u1ec3n khai b\u00e1n h\u00e0ng<\/p>\n<ul>\n<li>Truy\u1ec1n th\u00f4ng, qu\u1ea3ng c\u00e1o b\u1ea5t \u0111\u1ed9ng s\u1ea3n.<\/li>\n<li>T\u00ecm ki\u1ebfm kh\u00e1ch h\u00e0ng m\u1ee5c ti\u00eau.<\/li>\n<\/ul>\n<p><b>B\u01b0\u1edbc 5:<\/b>\u00a0T\u01b0 v\u1ea5n nhu c\u1ea7u kh\u00e1ch h\u00e0ng v\u00e0 k\u1ebft n\u1ed1i giao d\u1ecbch<\/p>\n<ul>\n<li>T\u01b0 v\u1ea5n kh\u00e1ch h\u00e0ng mua v\u1ec1 b\u1ea5t \u0111\u1ed9ng s\u1ea3n.<\/li>\n<li>D\u1eabn kh\u00e1ch h\u00e0ng xem th\u1ef1c t\u1ebf b\u1ea5t \u0111\u1ed9ng s\u1ea3n.<\/li>\n<li>\u0110\u00e0m ph\u00e1n c\u00e1c \u0111i\u1ec1u kho\u1ea3n giao d\u1ecbch.<\/li>\n<li>H\u1ed7 tr\u1ee3 k\u00fd H\u0110MB v\u00e0 c\u00e1c th\u1ee7 t\u1ee5c ph\u00e1p l\u00fd ph\u00f9 h\u1ee3p \u0111\u1ebfn vi\u1ec7c giao d\u1ecbch.<\/li>\n<\/ul>\n<p><b>2.2- D\u1ecbch v\u1ee5 t\u01b0 v\u1ea5n mua b\u1ea5t \u0111\u1ed9ng s\u1ea3n<\/b><\/p>\n<p>Kh\u00e1ch h\u00e0ng (ng\u01b0\u1eddi mua) khi c\u00f3 nhu c\u1ea7u s\u1eed d\u1ee5ng d\u1ecbch v\u1ee5 m\u00f4i gi\u1edbi mua b\u1ea5t \u0111\u1ed9ng s\u1ea3n c\u1ee7a doanh nghi\u1ec7p. Ch\u00fang t\u00f4i s\u1ebd th\u1ef1c hi\u1ec7n qui tr\u00ecnh nh\u01b0 sau:<\/p>\n<p><b>B\u01b0\u1edbc 1:\u00a0<\/b>T\u01b0 v\u1ea5n kh\u00e1ch h\u00e0ng<\/p>\n<ul>\n<li>L\u1eafng nghe nhu c\u1ea7u kh\u00e1ch h\u00e0ng.<\/li>\n<li>T\u01b0 v\u1ea5n th\u1ef1c t\u1ebf th\u1ecb tr\u01b0\u1eddng so v\u1edbi y\u00eau c\u1ea7u kh\u00e1ch h\u00e0ng \u0111\u01b0a ra.<\/li>\n<li>Th\u1ed1ng nh\u1ea5t ti\u00eau ch\u00ed b\u1ea5t \u0111\u1ed9ng s\u1ea3n c\u1ea7n mua.<\/li>\n<\/ul>\n<p><b>B\u01b0\u1edbc 2:<\/b>\u00a0T\u00ecm ki\u1ebfm b\u1ea5t \u0111\u1ed9ng s\u1ea3n v\u00e0 \u0111\u1ec1 xu\u1ea5t<\/p>\n<ul>\n<li>T\u00ecm ki\u1ebfm b\u1ea5t \u0111\u1ed9ng s\u1ea3n theo ti\u00eau ch\u00ed \u0111\u00e3 th\u1ed1ng nh\u1ea5t.<\/li>\n<li>\u0110\u1ec1 xu\u1ea5t nh\u1eefng b\u1ea5t \u0111\u1ed9ng s\u1ea3n ph\u00f9 h\u1ee3p v\u1edbi ti\u00eau ch\u00ed.<\/li>\n<\/ul>\n<p><b>B\u01b0\u1edbc 3:<\/b>\u00a0Xem th\u1ef1c t\u1ebf b\u1ea5t \u0111\u1ed9ng s\u1ea3n<\/p>\n<ul>\n<li>Xem th\u1ef1c t\u1ebf b\u1ea5t \u0111\u1ed9ng s\u1ea3n v\u00e0 \u0111\u00e1nh gi\u00e1 theo ti\u00eau ch\u00ed.<\/li>\n<li>Ph\u00e2n t\u00edch nh\u1eefng b\u1ea5t \u0111\u1ed9ng s\u1ea3n \u0111\u00e3 xem.<\/li>\n<li>\u0110i\u1ec1u ch\u1ec9nh ti\u00eau ch\u00ed ho\u1eb7c t\u00ecm ki\u1ebfm th\u00eam (n\u1ebfu c\u1ea7n).<\/li>\n<\/ul>\n<p><b>B\u01b0\u1edbc 4:<\/b>\u00a0L\u1ef1a ch\u1ecdn v\u00e0 \u0111\u00e0m ph\u00e1n<\/p>\n<ul>\n<li>Ch\u1ecdn l\u1ef1a b\u1ea5t \u0111\u1ed9ng s\u1ea3n t\u1ed1t nh\u1ea5t \u0111\u1ec3 \u0111\u00e0m ph\u00e1n.<\/li>\n<li>\u0110\u00e0m ph\u00e1n gi\u00e1, \u0111\u00e0m ph\u00e1n c\u00e1c \u0111i\u1ec1u kho\u1ea3n giao d\u1ecbch.<\/li>\n<\/ul>\n<p><b>B\u01b0\u1edbc 5:\u00a0<\/b>Th\u1ef1c hi\u1ec7n giao d\u1ecbch<\/p>\n<ul>\n<li>H\u1ed7 tr\u1ee3 kh\u00e1ch h\u00e0ng k\u00fd H\u0110MB v\u00e0 th\u1ef1c hi\u1ec7n th\u1ee7 t\u1ee5c ph\u00e1p l\u00fd li\u00ean quan.<\/li>\n<li>H\u1ed7 tr\u1ee3 th\u1ef1c hi\u1ec7n thanh to\u00e1n.<\/li>\n<li>H\u1ed7 tr\u1ee3 nh\u1eadn b\u00e0n giao gi\u1ea5y t\u1edd &amp; nh\u1eadn b\u00e0n giao b\u1ea5t \u0111\u1ed9ng s\u1ea3n.<\/li>\n<\/ul>\n<\/div>\n<\/div>\n<\/div>\n<\/div>\n<\/div>\n<\/div>\n<div class=\"vc_row wpb_row vc_row-fluid\">\n<div class=\"wpb_column vc_column_container vc_col-sm-12\">\n<div class=\"vc_column-inner\">\n<div class=\"wpb_wrapper\">\n<h2 class=\"vc_custom_heading vc_custom_1619229403414\">3 \u2013 H\u1ee2P \u0110\u1ed2NG D\u1ecaCH V\u1ee4<\/h2>\n<div class=\"wpb_text_column wpb_content_element \">\n<div class=\"wpb_wrapper\">\n<p>H\u1ee3p \u0111\u1ed3ng d\u1ecbch v\u1ee5 l\u00e0 h\u1ee3p \u0111\u1ed3ng m\u00f4i gi\u1edbi b\u1ea5t \u0111\u1ed9ng s\u1ea3n \u0111\u01b0\u1ee3c doanh nghi\u1ec7p k\u00fd v\u1edbi ch\u1ee7 nh\u00e0 ho\u1eb7c kh\u00e1ch h\u00e0ng mua \u0111\u1ec3 l\u00e0m c\u0103n c\u1ee9 ph\u00e1p l\u00fd cho doanh nghi\u1ec7p tri\u1ec3n khai c\u00f4ng vi\u1ec7c. H\u1ee3p \u0111\u1ed3ng d\u1ecbch v\u1ee5 n\u00e0y c\u00f3 th\u1ec3 \u0111\u01b0\u1ee3c k\u00fd ngay t\u1ea1i th\u1eddi \u0111i\u1ec3m t\u01b0 v\u1ea5n ho\u1eb7c \u0111\u01b0\u1ee3c k\u00fd t\u1ea1i th\u1eddi \u0111i\u1ec3m doanh nghi\u1ec7p t\u1ea1o ra \u0111\u01b0\u1ee3c giao d\u1ecbch b\u00e1n b\u1ea5t \u0111\u1ed9ng s\u1ea3n cho ch\u1ee7 nh\u00e0 ho\u1eb7c doanh nghi\u1ec7p t\u1ea1o ra giao d\u1ecbch mua b\u1ea5t \u0111\u1ed9ng s\u1ea3n cho kh\u00e1ch h\u00e0ng mua.<\/p>\n<p><b>3.1- N\u1ed9i dung h\u1ee3p \u0111\u1ed3ng t\u01b0 v\u1ea5n b\u00e1n b\u1ea5t \u0111\u1ed9ng s\u1ea3n<\/b><\/p>\n<ul>\n<li>B\u00ean cung c\u1ea5p d\u1ecbch v\u1ee5: C\u00f4ng ty \u0110T v\u00e0 Ph\u00e1t tri\u1ec3n B\u0110S Th\u1ecbnh Capital<\/li>\n<li>B\u00ean s\u1eed d\u1ee5ng d\u1ecbch v\u1ee5: Ch\u1ee7 nh\u00e0<\/li>\n<li>N\u1ed9i dung h\u1ee3p \u0111\u1ed3ng: Doanh nghi\u1ec7p t\u01b0 v\u1ea5n, ti\u1ebfp th\u1ecb, truy\u1ec1n th\u00f4ng, t\u00ecm ki\u1ebfm kh\u00e1ch h\u00e0ng mua b\u1ea5t \u0111\u1ed9ng s\u1ea3n cho ch\u1ee7 nh\u00e0 trong m\u1ed9t kho\u1ea3ng th\u1eddi gian hai b\u00ean th\u1ecfa thu\u1eadn. Trong m\u1ed9t s\u1ed1 tr\u01b0\u1eddng h\u1ee3p \u0111\u1eb7c bi\u1ec7t c\u00f3 th\u1ec3 c\u00f3 h\u1ee3p \u0111\u1ed3ng \u0111\u1ed9c quy\u1ec1n b\u00e1n trong m\u1ed9t th\u1eddi gian nh\u1ea5t \u0111\u1ecbnh.<\/li>\n<li>Ph\u00ed m\u00f4i gi\u1edbi: T\u1eeb 1% \u2013 5% gi\u00e1 tr\u1ecb b\u1ea5t \u0111\u1ed9ng s\u1ea3n b\u00e1n v\u00e0 \u0111\u01b0\u1ee3c th\u1ecfa thu\u1eadn theo m\u1ee9c \u0111\u1ed9 kh\u00f3 c\u1ee7a c\u00f4ng vi\u1ec7c ti\u1ebfp th\u1ecb, t\u00ecm ki\u1ebfm kh\u00e1ch h\u00e0ng.<\/li>\n<li>C\u00e1c \u0111i\u1ec1u kho\u1ea3n kh\u00e1c s\u1ebd \u0111\u01b0\u1ee3c hai b\u00ean th\u1ed1ng nh\u1ea5t chi t\u1ebft trong n\u1ed9i dung c\u1ee7a h\u1ee3p \u0111\u1ed3ng t\u01b0 v\u1ea5n b\u00e1n b\u1ea5t \u0111\u1ed9ng s\u1ea3n.<\/li>\n<\/ul>\n<p><b>3.2- N\u1ed9i dung h\u1ee3p \u0111\u1ed3ng t\u01b0 v\u1ea5n mua b\u1ea5t \u0111\u1ed9ng s\u1ea3n<\/b><\/p>\n<ul>\n<li>B\u00ean cung c\u1ea5p d\u1ecbch v\u1ee5: C\u00f4ng ty \u0110T v\u00e0 Ph\u00e1t tri\u1ec3n B\u0110S Th\u1ecbnh Capital<\/li>\n<li>B\u00ean s\u1eed d\u1ee5ng d\u1ecbch v\u1ee5: Kh\u00e1ch h\u00e0ng mua<\/li>\n<li>N\u1ed9i dung h\u1ee3p \u0111\u1ed3ng: Doanh nghi\u1ec7p t\u01b0 v\u1ea5n v\u00e0 \u0111\u1ea1i di\u1ec7n kh\u00e1ch h\u00e0ng mua t\u00ecm ki\u1ebfm th\u00f4ng tin b\u1ea5t \u0111\u1ed9ng s\u1ea3n mua theo ti\u00eau ch\u00ed c\u1ee7a kh\u00e1ch h\u00e0ng.<\/li>\n<li>Ph\u00ed m\u00f4i gi\u1edbi: mi\u1ec5n ph\u00ed ho\u1eb7c c\u00f3 th\u1ecfa thu\u1eadn kh\u00e1c n\u00eau trong h\u1ee3p \u0111\u1ed3ng d\u1ecbch v\u1ee5.<\/li>\n<li>C\u00e1c \u0111i\u1ec1u kho\u1ea3n kh\u00e1c s\u1ebd \u0111\u01b0\u1ee3c hai b\u00ean th\u1ed1ng nh\u1ea5t chi ti\u1ebft trong n\u1ed9i dung c\u1ee7a h\u1ee3p \u0111\u1ed3ng t\u01b0 v\u1ea5n mua b\u1ea5t \u0111\u1ed9ng s\u1ea3n.<\/li>\n<\/ul>\n<\/div>\n<\/div>\n<\/div>\n<\/div>\n<\/div>\n<\/div>\n<div class=\"vc_row wpb_row vc_row-fluid\">\n<div class=\"wpb_column vc_column_container vc_col-sm-4\">\u00a0<\/div>\n<div class=\"wpb_column vc_column_container vc_col-sm-4\">\u00a0<\/div>\n<div class=\"wpb_column vc_column_container vc_col-sm-4\">\n<div class=\"vc_column-inner\">\n<div class=\"wpb_wrapper\">\n<div class=\"wpb_text_column wpb_content_element \">\n<div class=\"wpb_wrapper\">\n<p><b>TH\u1ecaNH CAPITAL<\/b><\/p>\n<\/div>\n<\/div>\n<\/div>\n<\/div>\n<\/div>\n<\/div>\t\t\t\t\t\t<\/div>\n\t\t\t\t<\/div>\n\t\t\t\t\t<\/div>\n\t\t\t\t<\/div>\n\t\t\t\t<\/div>\n\t\t","protected":false},"excerpt":{"rendered":"<p>1 \u2013 \u0110I\u1ec0U KHO\u1ea2N CHUNG \u0110\u00e2y l\u00e0 website cung c\u1ea5p d\u1ecbch v\u1ee5 m\u00f4i gi\u1edbi b\u1ea5t \u0111\u1ed9ng s\u1ea3n v\u00e0 t\u01b0 v\u1ea5n \u0111\u1ea7u t\u01b0 b\u1ea5t \u0111\u1ed9ng s\u1ea3n t\u1ea1i th\u1ecb tr\u01b0\u1eddng Vi\u1ec7t Nam. Ch\u00fang t\u00f4i ho\u1ea1t \u0111\u1ed9ng theo qui \u0111\u1ecbnh c\u1ee7a ph\u00e1p lu\u1eadt Vi\u1ec7t Nam v\u1ec1 ho\u1ea1t \u0111\u1ed9ng kinh doanh, cung c\u1ea5p d\u1ecbch v\u1ee5 b\u1ea5t \u0111\u1ed9ng s\u1ea3n t\u1ea1i [&hellip;]<\/p>\n","protected":false},"author":1,"featured_media":0,"parent":0,"menu_order":0,"comment_status":"closed","ping_status":"closed","template":"","meta":{"footnotes":""},"class_list":["post-7698","page","type-page","status-publish","hentry"],"acf":[],"_links":{"self":[{"href":"https:\/\/thinhcapital.vn\/en\/wp-json\/wp\/v2\/pages\/7698"}],"collection":[{"href":"https:\/\/thinhcapital.vn\/en\/wp-json\/wp\/v2\/pages"}],"about":[{"href":"https:\/\/thinhcapital.vn\/en\/wp-json\/wp\/v2\/types\/page"}],"author":[{"embeddable":true,"href":"https:\/\/thinhcapital.vn\/en\/wp-json\/wp\/v2\/users\/1"}],"replies":[{"embeddable":true,"href":"https:\/\/thinhcapital.vn\/en\/wp-json\/wp\/v2\/comments?post=7698"}],"version-history":[{"count":1,"href":"https:\/\/thinhcapital.vn\/en\/wp-json\/wp\/v2\/pages\/7698\/revisions"}],"predecessor-version":[{"id":7702,"href":"https:\/\/thinhcapital.vn\/en\/wp-json\/wp\/v2\/pages\/7698\/revisions\/7702"}],"wp:attachment":[{"href":"https:\/\/thinhcapital.vn\/en\/wp-json\/wp\/v2\/media?parent=7698"}],"curies":[{"name":"wp","href":"https:\/\/api.w.org\/{rel}","templated":true}]}}